{"id":74,"date":"2019-08-20T19:04:44","date_gmt":"2019-08-20T19:04:44","guid":{"rendered":"http:\/\/test.mitmilchundzucker.at\/?page_id=2"},"modified":"2024-10-28T12:45:07","modified_gmt":"2024-10-28T12:45:07","slug":"sample-page-2","status":"publish","type":"page","link":"https:\/\/data.roaz.sk\/","title":{"rendered":"Komplexn\u00e9 B2B obchodn\u00e9 \u00fadaje"},"content":{"rendered":"\n<p>Poskytujeme komplexn\u00e9 obchodn\u00e9 \u00fadaje \u0161peci\u00e1lne pre spolo\u010dnosti p\u00f4sobiace na Slovensku. T\u00e1to ponuka je exkluz\u00edvne prisp\u00f4soben\u00e1 pre B2B klientov, \u010do zabezpe\u010duje, \u017ee m\u00e1te pr\u00edstup k relevantn\u00fdm a praktick\u00fdm inform\u00e1ci\u00e1m pre va\u0161e obchodn\u00e9 potreby.<\/p>\n\n\n\n<p>Na rozdiel od vo\u013ene dostupn\u00fdch zdrojov s\u00fa v\u0161etky na\u0161e \u00fadaje plne exportovate\u013en\u00e9, \u010do v\u00e1m poskytuje flexibilitu bezprobl\u00e9movo ich integrova\u0165 do va\u0161ich existuj\u00facich syst\u00e9mov. Na\u0161e inform\u00e1cie s\u00fa v\u00fdhradne obchodn\u00e9 a s\u00fa v s\u00falade s nariadeniami GDPR, \u010d\u00edm zabezpe\u010dujeme, \u017ee va\u0161e postupy t\u00fdkaj\u00face sa \u00fadajov sp\u013a\u0148ali najvy\u0161\u0161ie \u0161tandardy ochrany s\u00fakromia a bezpe\u010dnosti.<\/p>\n\n\n\n<p>Na\u0161a u\u017e\u00edvate\u013esky pr\u00edvetiv\u00e1 platforma v\u00e1m umo\u017e\u0148uje jednoducho vyh\u013ead\u00e1va\u0165, filtrova\u0165 a kombinova\u0165 v\u0161etky vyh\u013ead\u00e1vacie k\u013e\u00fa\u010de, \u010do v\u00e1m umo\u017en\u00ed z\u00edska\u0165 presn\u00e9 inform\u00e1cie potrebn\u00e9 na to, aby ste posunuli svoje podnikanie vpred. \u010ci u\u017e sa sna\u017e\u00edte vylep\u0161i\u0165 svoj prieskum trhu, zlep\u0161i\u0165 strat\u00e9gie z\u00edskavania z\u00e1kazn\u00edkov alebo analyzova\u0165 potenci\u00e1lne partnerstv\u00e1, na\u0161e \u00fadaje v\u00e1s vybavia potrebn\u00fdmi n\u00e1strojmi na prij\u00edmanie informovan\u00fdch rozhodnut\u00ed.<\/p>\n\n\n\n<p>V\u00fdberom na\u0161ich slu\u017eieb z\u00edskavate spo\u013eahliv\u00e9ho partnera, ktor\u00fd je zaviazan\u00fd podporova\u0165 v\u00e1\u0161 rast a \u00faspech v konkuren\u010dnom prostred\u00ed. Nechajte n\u00e1s pom\u00f4c\u0165 v\u00e1m otvori\u0165 nov\u00e9 pr\u00edle\u017eitosti na slovenskom trhu a posun\u00fa\u0165 va\u0161e podnikanie na \u010fal\u0161iu \u00farove\u0148.<\/p>\n\n\n\n<p><\/p>\n","protected":false},"excerpt":{"rendered":"<p>Poskytujeme komplexn\u00e9 obchodn\u00e9 \u00fadaje \u0161peci\u00e1lne pre spolo\u010dnosti p\u00f4sobiace na Slovensku. T\u00e1to ponuka je exkluz\u00edvne prisp\u00f4soben\u00e1 pre B2B klientov, \u010do zabezpe\u010duje, \u017ee m\u00e1te pr\u00edstup k relevantn\u00fdm a praktick\u00fdm inform\u00e1ci\u00e1m pre va\u0161e obchodn\u00e9 potreby. Na rozdiel od vo\u013ene dostupn\u00fdch zdrojov s\u00fa v\u0161etky na\u0161e \u00fadaje plne exportovate\u013en\u00e9, \u010do v\u00e1m poskytuje flexibilitu bezprobl\u00e9movo ich integrova\u0165 do va\u0161ich existuj\u00facich syst\u00e9mov. &hellip; <\/p>\n<p class=\"link-more\"><a href=\"https:\/\/data.roaz.sk\/\" class=\"more-link\"><span class=\"screen-reader-text\">\u201eKomplexn\u00e9 B2B obchodn\u00e9 \u00fadaje\u201c<\/span> weiterlesen<\/a><\/p>\n","protected":false},"author":1,"featured_media":0,"parent":0,"menu_order":0,"comment_status":"closed","ping_status":"open","template":"","meta":{"footnotes":""},"_links":{"self":[{"href":"https:\/\/data.roaz.sk\/index.php?rest_route=\/wp\/v2\/pages\/74"}],"collection":[{"href":"https:\/\/data.roaz.sk\/index.php?rest_route=\/wp\/v2\/pages"}],"about":[{"href":"https:\/\/data.roaz.sk\/index.php?rest_route=\/wp\/v2\/types\/page"}],"author":[{"embeddable":true,"href":"https:\/\/data.roaz.sk\/index.php?rest_route=\/wp\/v2\/users\/1"}],"replies":[{"embeddable":true,"href":"https:\/\/data.roaz.sk\/index.php?rest_route=%2Fwp%2Fv2%2Fcomments&post=74"}],"version-history":[{"count":8,"href":"https:\/\/data.roaz.sk\/index.php?rest_route=\/wp\/v2\/pages\/74\/revisions"}],"predecessor-version":[{"id":155,"href":"https:\/\/data.roaz.sk\/index.php?rest_route=\/wp\/v2\/pages\/74\/revisions\/155"}],"wp:attachment":[{"href":"https:\/\/data.roaz.sk\/index.php?rest_route=%2Fwp%2Fv2%2Fmedia&parent=74"}],"curies":[{"name":"wp","href":"https:\/\/api.w.org\/{rel}","templated":true}]}}